{"id":2232,"date":"2026-01-09T00:25:54","date_gmt":"2026-01-09T05:25:54","guid":{"rendered":"https:\/\/bateriasalpormayor.com\/?post_type=product&#038;p=2232"},"modified":"2026-01-09T00:25:54","modified_gmt":"2026-01-09T05:25:54","slug":"mac-silver-36i750","status":"publish","type":"product","link":"https:\/\/bateriasalpormayor.com\/index.php\/producto\/mac-silver-36i750\/","title":{"rendered":"Mac Silver 36i750"},"content":{"rendered":"<p>Resistente y duradera, la Mac Silver 36i750 Mac est\u00e1 dise\u00f1ada para condiciones exigentes. Garant\u00eda de hasta 15 meses, revisi\u00f3n el\u00e9ctrica GRATIS e instalaci\u00f3n a domicilio sin costo. Fabricada por Clarios. \u00a1Compra hoy con entrega inmediata!<\/p>\n","protected":false},"excerpt":{"rendered":"<p>Resistente y duradera, la Mac Silver 36i750 Mac est\u00e1 dise\u00f1ada para condiciones exigentes. Garant\u00eda de hasta 15 meses, revisi\u00f3n el\u00e9ctrica GRATIS e instalaci\u00f3n a domicilio sin costo. Fabricada por Clarios. \u00a1Compra hoy con entrega inmediata!<\/p>\n","protected":false},"featured_media":2227,"comment_status":"open","ping_status":"closed","template":"","meta":[],"product_brand":[],"product_cat":[44],"product_tag":[],"class_list":{"0":"post-2232","1":"product","2":"type-product","3":"status-publish","4":"has-post-thumbnail","6":"product_cat-mac","8":"first","9":"instock","10":"sale","11":"shipping-taxable","12":"purchasable","13":"product-type-simple"},"_links":{"self":[{"href":"https:\/\/bateriasalpormayor.com\/index.php\/wp-json\/wp\/v2\/product\/2232","targetHints":{"allow":["GET"]}}],"collection":[{"href":"https:\/\/bateriasalpormayor.com\/index.php\/wp-json\/wp\/v2\/product"}],"about":[{"href":"https:\/\/bateriasalpormayor.com\/index.php\/wp-json\/wp\/v2\/types\/product"}],"replies":[{"embeddable":true,"href":"https:\/\/bateriasalpormayor.com\/index.php\/wp-json\/wp\/v2\/comments?post=2232"}],"wp:featuredmedia":[{"embeddable":true,"href":"https:\/\/bateriasalpormayor.com\/index.php\/wp-json\/wp\/v2\/media\/2227"}],"wp:attachment":[{"href":"https:\/\/bateriasalpormayor.com\/index.php\/wp-json\/wp\/v2\/media?parent=2232"}],"wp:term":[{"taxonomy":"product_brand","embeddable":true,"href":"https:\/\/bateriasalpormayor.com\/index.php\/wp-json\/wp\/v2\/product_brand?post=2232"},{"taxonomy":"product_cat","embeddable":true,"href":"https:\/\/bateriasalpormayor.com\/index.php\/wp-json\/wp\/v2\/product_cat?post=2232"},{"taxonomy":"product_tag","embeddable":true,"href":"https:\/\/bateriasalpormayor.com\/index.php\/wp-json\/wp\/v2\/product_tag?post=2232"}],"curies":[{"name":"wp","href":"https:\/\/api.w.org\/{rel}","templated":true}]}}