{"id":1678,"date":"2022-06-06T07:42:22","date_gmt":"2022-06-06T07:42:22","guid":{"rendered":"https:\/\/nicktesting.kinsta.cloud\/shopdiko1\/?page_id=10"},"modified":"2026-03-21T16:25:31","modified_gmt":"2026-03-21T21:25:31","slug":"cart-wooshop-v1","status":"publish","type":"page","link":"https:\/\/bateriasalpormayor.com\/index.php\/cart-wooshop-v1\/","title":{"rendered":"Cart"},"content":{"rendered":"\t\t<div data-elementor-type=\"wp-page\" data-elementor-id=\"1678\" class=\"elementor elementor-1678\" data-elementor-post-type=\"page\">\n\t\t\t\t\t\t<section class=\"elementor-section elementor-top-section elementor-element elementor-element-66f22496 elementor-section-boxed elementor-section-height-default elementor-section-height-default wpr-particle-no wpr-jarallax-no wpr-parallax-no wpr-sticky-section-no\" data-id=\"66f22496\" data-element_type=\"section\" data-e-type=\"section\">\n\t\t\t\t\t\t<div class=\"elementor-container elementor-column-gap-default\">\n\t\t\t\t\t<div class=\"elementor-column elementor-col-100 elementor-top-column elementor-element elementor-element-27ed61d9\" data-id=\"27ed61d9\" data-element_type=\"column\" data-e-type=\"column\">\n\t\t\t<div class=\"elementor-widget-wrap elementor-element-populated\">\n\t\t\t\t\t\t<div class=\"elementor-element elementor-element-00300b3 elementor-widget elementor-widget-heading\" data-id=\"00300b3\" data-element_type=\"widget\" data-e-type=\"widget\" data-widget_type=\"heading.default\">\n\t\t\t\t\t<h2 class=\"elementor-heading-title elementor-size-default\">Carrito de Compras<\/h2>\t\t\t\t<\/div>\n\t\t\t\t<div class=\"elementor-element elementor-element-cb3d557 elementor-widget elementor-widget-text-editor\" data-id=\"cb3d557\" data-element_type=\"widget\" data-e-type=\"widget\" data-widget_type=\"text-editor.default\">\n\t\t\t\t\t\t\t\t\t<p>Por favor verifica bien el producto elegido y la cantidad deseada.\u00a0<\/p>\t\t\t\t\t\t\t\t<\/div>\n\t\t\t\t\t<\/div>\n\t\t<\/div>\n\t\t\t\t\t<\/div>\n\t\t<\/section>\n\t\t\t\t<\/div>\n\t\t","protected":false},"excerpt":{"rendered":"<p>Carrito de Compras Por favor verifica bien el producto elegido y la cantidad deseada.\u00a0 &nbsp; Producto &nbsp; Precio Cantidad Subtotal &times; Mac Silver 31H1250MC &#36;&nbsp;758.000 Mac Silver 31H1250MC cantidad &#36;&nbsp;758.000 Actualizar Carrito Aplicar Cup\u00f3n Total de Compra Subtotal &#36;&nbsp;758.000 Env\u00edo Introduce tu direcci\u00f3n para ver las opciones de env\u00edo. Calcular env\u00edo Pa\u00eds \/ Regi\u00f3n Selecciona un pa\u00eds\/regi\u00f3n&hellip;Afganist\u00e1nAlbaniaAlemaniaAndorraAngolaAnguilaAnt\u00e1rtidaAntigua y BarbudaArabia SauditaArgeliaArgentinaArmeniaArubaAustraliaAustriaAzerbaijanBahamasBahrainBangladeshBarbadosBelauB\u00e9lgicaBelizeBeninBermudaBhutanBielorrusiaBirmaniaBoliviaBonaire, San Eustaquio y SabaBosnia y HerzegovinaBotswanaBrasilBrun\u00e9iBulgariaBurkina FasoBurundiCabo VerdeCamboyaCamer\u00fanCanad\u00e1ChadChileChinaChipreCiudad del VaticanoColombiaComorasCongo (Brazzaville)Congo (Kinshasa)Corea del NorteCorea del SurCosta de MarfilCosta RicaCroaciaCubaCura&ccedil;aoDinamarcaDjiboutiDominicaEcuadorEgiptoEl SalvadorEmiratos \u00c1rabes UnidosEritreaEslovaquiaEsloveniaEspa\u00f1aEstados Unidos (EEUU)EstoniaEsuatiniEtiop\u00edaFilipinasFinlandiaFiyiFranciaGab\u00f3nGambiaGeorgiaGhanaGibraltarGranadaGreciaGroenlandiaGuadalupeGuamGuatemalaGuayana FrancesaGuernseyGuineaGuinea EcuatorialGuinea-Bis\u00e1uGuyanaHait\u00edHondurasHong KongHungr\u00edaIndiaIndonesiaIrakIr\u00e1nIrlandaIsla BouvetIsla de ManIsla de NavidadIsla NorfolkIsla Santa ElenaIslandiaIslas \u00c5landIslas Caim\u00e1nIslas CocosIslas CookIslas de ultramar menores de Estados Unidos (EEUU)Islas FeroeIslas Georgias y Sandwich del SurIslas Heard y McDonaldIslas MalvinasIslas Marianas del NorteIslas MarshallIslas Salom\u00f3nIslas Turcas y CaicosIslas V\u00edrgenes (Brit\u00e1nicas)Islas V\u00edrgenes (EEUU)IsraelItaliaJamaicaJap\u00f3nJerseyJordaniaKazajist\u00e1nKeniaKirguist\u00e1nKiribatiKosovoKuwaitLaosLesotoLetoniaL\u00edbanoLiberiaLibiaLiechtensteinLituaniaLuxemburgoMacaoMacedonia del NorteMadagascarMalasiaMalauiMaldivasMal\u00edMaltaMarruecosMartinicaMauricioMauritaniaMayotteM\u00e9xicoMicronesiaMoldaviaM\u00f3nacoMongoliaMontenegroMontserratMozambiqueNamibiaNauruNepalNicaraguaN\u00edgerNigeriaNiueNoruegaNueva CaledoniaNueva ZelandaOm\u00e1nPa\u00edses BajosPakist\u00e1nPanam\u00e1Pap\u00faa Nueva GuineaParaguayPer\u00faPitcairnPolinesia FrancesaPoloniaPortugalPuerto RicoQatarReino Unido (UK)Rep\u00fablica CentroafricanaRep\u00fablica ChecaRep\u00fablica DominicanaReuni\u00f3nRuandaRumaniaRusiaSahara OccidentalSamoaSamoa AmericanaSan Bartolom\u00e9San Crist\u00f3bal y NievesSan MarinoSan Mart\u00edn (Pa\u00edses Bajos)San Mart\u00edn (parte de Francia)San Pedro y Miquel\u00f3nSan Vicente y las GranadinasSanta Luc\u00edaSanto Tom\u00e9 y Pr\u00edncipeSenegalSerbiaSeychellesSierra LeonaSingapurSiriaSomaliaSri LankaSud\u00e1fricaSud\u00e1nSud\u00e1n del SurSueciaSuizaSurinamSvalbard y Jan MayenTailandiaTaiw\u00e1nTanzaniaTayikist\u00e1nTerritorio Brit\u00e1nico del Oc\u00e9ano \u00cdndicoTerritorios australes francesesTerritorios PalestinosTimor OrientalTogoTokelauTongaTrinidad y TobagoT\u00fanezTurkmenist\u00e1nTurqu\u00edaTuvaluUcraniaUgandaUruguayUzbekist\u00e1nVanuatuVenezuelaVietnamWallis y FutunaYemenZambiaZimbabue Regi\u00f3n \/ Provincia Elige una opci\u00f3n&hellip;AlabamaAlaskaArizonaArkansasCaliforniaColoradoConnecticutDelawareDistrito de ColumbiaFloridaGeorgiaHawaiiIdahoIllinoisIndianaIowaKansasKentuckyLouisianaMaineMarylandMassachusettsMichiganMinnesotaMisisipiMissouriMontanaNebraskaNevadaNew HampshireNew JerseyNew MexicoNew YorkNorth CarolinaNorth DakotaOhioOklahomaOreg\u00f3nPennsylvaniaRhode IslandSouth CarolinaSouth DakotaTennesseeTexasUtahVermontVirginiaWashingtonWest VirginiaWisconsinWyomingFuerzas Armadas (AA)Fuerzas Armadas USFuerzas Armadas US Ciudad: C\u00f3digo postal: Update Total &#36;&nbsp;758.000 Realizar Pago<\/p>\n","protected":false},"author":1,"featured_media":0,"parent":0,"menu_order":0,"comment_status":"closed","ping_status":"closed","template":"elementor_canvas","meta":{"footnotes":""},"class_list":["post-1678","page","type-page","status-publish","hentry"],"_links":{"self":[{"href":"https:\/\/bateriasalpormayor.com\/index.php\/wp-json\/wp\/v2\/pages\/1678","targetHints":{"allow":["GET"]}}],"collection":[{"href":"https:\/\/bateriasalpormayor.com\/index.php\/wp-json\/wp\/v2\/pages"}],"about":[{"href":"https:\/\/bateriasalpormayor.com\/index.php\/wp-json\/wp\/v2\/types\/page"}],"author":[{"embeddable":true,"href":"https:\/\/bateriasalpormayor.com\/index.php\/wp-json\/wp\/v2\/users\/1"}],"replies":[{"embeddable":true,"href":"https:\/\/bateriasalpormayor.com\/index.php\/wp-json\/wp\/v2\/comments?post=1678"}],"version-history":[{"count":3,"href":"https:\/\/bateriasalpormayor.com\/index.php\/wp-json\/wp\/v2\/pages\/1678\/revisions"}],"predecessor-version":[{"id":2260,"href":"https:\/\/bateriasalpormayor.com\/index.php\/wp-json\/wp\/v2\/pages\/1678\/revisions\/2260"}],"wp:attachment":[{"href":"https:\/\/bateriasalpormayor.com\/index.php\/wp-json\/wp\/v2\/media?parent=1678"}],"curies":[{"name":"wp","href":"https:\/\/api.w.org\/{rel}","templated":true}]}}